{"id":26,"date":"2016-06-25T17:51:03","date_gmt":"2016-06-25T17:51:03","guid":{"rendered":"http:\/\/www.taxipula.com\/?page_id=26"},"modified":"2016-07-16T19:06:52","modified_gmt":"2016-07-16T19:06:52","slug":"eventi","status":"publish","type":"page","link":"https:\/\/www.taxipula.com\/it\/eventi\/","title":{"rendered":"Eventi"},"content":{"rendered":"<p><\/p>\n<div class=\"container\">\n<div id=\"blog\" class=\"blog\">\n<div class=\"single-post\">\n<div class=\"entry\">\n<h2><b>Zr\u0107e\u00a0\u00a0<\/b><\/h2>\n<p><span id=\"result_box\" class=\"\" lang=\"it\" tabindex=\"-1\"><span class=\"\">\u00e8 una lunga<\/span> spiaggia di ciottoli vicino a Novalja e Gajac sull&#8217;isola di Pago.<\/span><\/p>\n<p><span class=\"\">Beach \u00e8<\/span> <span class=\"\">diventato famoso come<\/span> l&#8217;Ibiza croata, essendo costruita su di esso 5 <span class=\"\">discoteche<\/span>.<\/p>\n<\/div>\n<div class=\"entry\">\n<div class=\"huge_it_slideshow_image_wrap_6\">\u00a0<div id=\"metaslider-id-68\" style=\"max-width: 700px;\" class=\"ml-slider-3-33-0 metaslider metaslider-flex metaslider-68 ml-slider ms-theme-default\" role=\"region\" aria-roledescription=\"Slideshow\" aria-label=\"Slideshow\">\n    <div id=\"metaslider_container_68\">\n        <div id=\"metaslider_68\">\n            <ul aria-live=\"polite\" class=\"slides\">\n                <li style=\"display: block; width: 100%;\" class=\"slide-76 ms-image\" aria-roledescription=\"slide\" aria-label=\"slide-76\"><img src=\"https:\/\/www.taxipula.com\/wp-content\/uploads\/2016\/06\/Club_Papaya_Zrce-700x300.jpg\" height=\"300\" width=\"700\" alt=\"\" class=\"slider-68 slide-76\" \/><\/li>\n                <li style=\"display: none; width: 100%;\" class=\"slide-77 ms-image\" aria-roledescription=\"slide\" aria-label=\"slide-77\"><img src=\"https:\/\/www.taxipula.com\/wp-content\/uploads\/2016\/06\/Kalypso_Club_Zrce-700x300.png\" height=\"300\" width=\"700\" alt=\"\" class=\"slider-68 slide-77\" \/><\/li>\n                <li style=\"display: none; width: 100%;\" class=\"slide-78 ms-image\" aria-roledescription=\"slide\" aria-label=\"slide-78\"><img src=\"https:\/\/www.taxipula.com\/wp-content\/uploads\/2016\/06\/Strand_Zrce_mit_Blick_auf_Noa_Beach_Club-700x300.jpg\" height=\"300\" width=\"700\" alt=\"\" class=\"slider-68 slide-78\" \/><\/li>\n                <li style=\"display: none; width: 100%;\" class=\"slide-79 ms-image\" aria-roledescription=\"slide\" aria-label=\"slide-79\"><img src=\"https:\/\/www.taxipula.com\/wp-content\/uploads\/2016\/06\/Zrce_beach-700x300.jpg\" height=\"300\" width=\"700\" alt=\"\" class=\"slider-68 slide-79\" \/><\/li>\n                <li style=\"display: none; width: 100%;\" class=\"slide-80 ms-image\" aria-roledescription=\"slide\" aria-label=\"slide-80\"><img src=\"https:\/\/www.taxipula.com\/wp-content\/uploads\/2016\/06\/zr\u0107e-700x300.jpg\" height=\"300\" width=\"700\" alt=\"\" class=\"slider-68 slide-80\" \/><\/li>\n            <\/ul>\n        <\/div>\n        \n    <\/div>\n<\/div><\/div>\n<h2><span id=\"result_box\" class=\"short_text\" lang=\"it\" tabindex=\"-1\"><span class=\"alt-edited\">Divertimenti<\/span> di notte<span class=\"\"> &#8211;<\/span> <span class=\"\">Porec<\/span><\/span><\/h2>\n<ul>\n<li class=\"clearfix\">\n<h4>Saint &amp; Sinner<\/h4>\n<h4><\/h4>\n<h4><img decoding=\"async\" loading=\"lazy\" class=\"smjestaj_dolje_slike alignleft\" src=\"http:\/\/www.to-porec.com\/thumbnail.aspx?filename=sadrzaj\/katalog\/67\/10344297_988818714470500_3620757786585365518_o.jpg&amp;width=135&amp;height=95&amp;crop=true\" width=\"135\" height=\"95\" \/><\/h4>\n<p>Obala M. Tita 12, Pore\u010d<br \/>\nOtvoreno: ljeti od\u00a020 do\u00a004 ujutro<br \/>\nE-mail: <a href=\"mailto:saint-sinner@saint-sinnet.net\">saint-sinner@saint-sinnet.net<\/a><br \/>\nWeb: <a href=\"http:\/\/www.saint-sinner.net\/\" target=\"_blank\">www.saint-sinner.net<\/a><br \/>\nFacebook: <a href=\"https:\/\/www.facebook.com\/saintsinnerporec?fref=ts\">https:\/\/www.facebook.com\/saintsinnerporec?fref=ts<\/a><br \/>\nGsm: +385 (0)99 221 1811<br \/>\n<a class=\"smjestaj_icon\" href=\"http:\/\/www.to-porec.com\/GooglePoint.aspx?o=752&amp;j=CRO&amp;iframe=true&amp;width=600&amp;height=450\" rel=\"prettyPhoto[iframe_googlemap]\"><img decoding=\"async\" title=\"Prika\u017ei na mapi\" src=\"http:\/\/www.to-porec.com\/cms_images\/map_icon2.png\" alt=\"Prika\u017ei na mapi\" \/><\/a> <a class=\"smjestaj_icon\" href=\"http:\/\/www.to-porec.com\/ItemListStoRaditi.aspx?typObj=45#\"><img decoding=\"async\" title=\"Dodaj u planer\" src=\"http:\/\/www.to-porec.com\/cms_images\/notebook.png\" alt=\"Dodaj u planer\" \/><\/a><\/p>\n<h4><a title=\"\" href=\"http:\/\/www.to-porec.com\/sadrzaj\/katalog\/753\/bg-02.jpg\"  rel=\"lightbox[26] prettyPhoto[sadrzaj\/katalog\/753]\"><img decoding=\"async\" loading=\"lazy\" class=\"smjestaj_dolje_slike alignleft\" src=\"http:\/\/www.to-porec.com\/thumbnail.aspx?filename=sadrzaj\/katalog\/753\/bg-02.jpg&amp;width=135&amp;height=95&amp;crop=true\" width=\"135\" height=\"95\" \/><\/a>Byblos<\/h4>\n<p><strong>Zelena Laguna 1, HR-52440 Pore\u010d<br \/>\nE-mail: <a href=\"mailto:info@byblos.hr\">info@byblos.hr<\/a><br \/>\nWeb: <a href=\"http:\/\/www.byblos.hr\/\" target=\"_blank\">www.byblos.hr<\/a><br \/>\nFacebook: <a href=\"https:\/\/www.facebook.com\/Byblos.Porec.Croatia?fref=ts\" target=\"_blank\">https:\/\/www.facebook.com\/Byblos.Porec.Croatia?fref=ts<\/a><br \/>\nTel: +385 (0)52 635 281<br \/>\nGsm: +385 (0)91 292 5678<br \/>\n<\/strong><a class=\"smjestaj_icon\" href=\"http:\/\/www.to-porec.com\/GooglePoint.aspx?o=754&amp;j=CRO&amp;iframe=true&amp;width=600&amp;height=450\" rel=\"prettyPhoto[iframe_googlemap]\"><img decoding=\"async\" title=\"Prika\u017ei na mapi\" src=\"http:\/\/www.to-porec.com\/cms_images\/map_icon2.png\" alt=\"Prika\u017ei na mapi\" \/><\/a> <a class=\"smjestaj_icon\" href=\"http:\/\/www.to-porec.com\/ItemListStoRaditi.aspx?typObj=45#\"><img decoding=\"async\" title=\"Dodaj u planer\" src=\"http:\/\/www.to-porec.com\/cms_images\/notebook.png\" alt=\"Dodaj u planer\" \/><\/a><\/p>\n<h4><a title=\"\" href=\"http:\/\/www.to-porec.com\/sadrzaj\/katalog\/2537\/10525682_261194447407786_2863577391500738343_n.jpg\"  rel=\"lightbox[26] prettyPhoto[sadrzaj\/katalog\/2537]\"><img decoding=\"async\" loading=\"lazy\" class=\"smjestaj_dolje_slike alignleft\" src=\"http:\/\/www.to-porec.com\/thumbnail.aspx?filename=sadrzaj\/katalog\/2537\/10525682_261194447407786_2863577391500738343_n.jpg&amp;width=135&amp;height=95&amp;crop=true\" width=\"135\" height=\"95\" \/><\/a>Villa club<\/h4>\n<p>Rade Kon\u010dara 4a, HR-52440 Pore\u010d<br \/>\nE-mail: <a href=\"mailto:villaclub.hr@gmail.com\">villaclub.hr@gmail.com<\/a><br \/>\nWeb: <a href=\"http:\/\/www.villa-club.net\/\" target=\"_blank\">www.villa-club.net<\/a><br \/>\nFacebook: <a href=\"https:\/\/www.facebook.com\/villaclubporec\" target=\"_blank\">https:\/\/www.facebook.com\/villaclubporec<\/a><br \/>\nGsm: +385 (0)99 214 90 04<br \/>\nOpen: 09,00 \u2013 06,00<\/p>\n<p><a class=\"smjestaj_icon\" href=\"http:\/\/www.to-porec.com\/GooglePoint.aspx?o=2539&amp;j=CRO&amp;iframe=true&amp;width=600&amp;height=450\" rel=\"prettyPhoto[iframe_googlemap]\"><img decoding=\"async\" title=\"Prika\u017ei na mapi\" src=\"http:\/\/www.to-porec.com\/cms_images\/map_icon2.png\" alt=\"Prika\u017ei na mapi\" \/><\/a> <a class=\"smjestaj_icon\" href=\"http:\/\/www.to-porec.com\/ItemListStoRaditi.aspx?typObj=45#\"><img decoding=\"async\" title=\"Dodaj u planer\" src=\"http:\/\/www.to-porec.com\/cms_images\/notebook.png\" alt=\"Dodaj u planer\" \/><\/a><\/p>\n<h4><a title=\"\" href=\"http:\/\/www.to-porec.com\/sadrzaj\/katalog\/67461\/00136.jpg\"  rel=\"lightbox[26] prettyPhoto[sadrzaj\/katalog\/67461]\"><img decoding=\"async\" loading=\"lazy\" class=\"smjestaj_dolje_slike alignleft\" src=\"http:\/\/www.to-porec.com\/thumbnail.aspx?filename=sadrzaj\/katalog\/67461\/00136.jpg&amp;width=135&amp;height=95&amp;crop=true\" width=\"135\" height=\"95\" \/><\/a>Sunset lounge bar<\/h4>\n<p>Pical 1, HR-52440 Pore\u010d<br \/>\nE-mail: <a href=\"mailto:reczag@valamar.com\">reczag@valamar.com<\/a><br \/>\nWeb: <a href=\"http:\/\/www.valamar.com\/en\/hotels-porec\/zagreb-hotel\/restaurants\" target=\"_blank\">http:\/\/www.valamar.com\/en\/hotels-porec\/zagreb-hotel\/restaurants<\/a><br \/>\nFacebook:<br \/>\nT:\u00a0 +385 52 407 500<br \/>\nOpen: 11,00 \u2013 02,00<a class=\"smjestaj_icon\" href=\"http:\/\/www.to-porec.com\/GooglePoint.aspx?o=67463&amp;j=CRO&amp;iframe=true&amp;width=600&amp;height=450\" rel=\"prettyPhoto[iframe_googlemap]\"><img decoding=\"async\" title=\"Prika\u017ei na mapi\" src=\"http:\/\/www.to-porec.com\/cms_images\/map_icon2.png\" alt=\"Prika\u017ei na mapi\" \/><\/a> <a class=\"smjestaj_icon\" href=\"http:\/\/www.to-porec.com\/ItemListStoRaditi.aspx?typObj=45#\"><img decoding=\"async\" title=\"Dodaj u planer\" src=\"http:\/\/www.to-porec.com\/cms_images\/notebook.png\" alt=\"Dodaj u planer\" \/><\/a><\/p>\n<h4><a title=\"\" href=\"http:\/\/www.to-porec.com\/sadrzaj\/katalog\/68841\/10007337_1398728220404867_734569803262859207_o.jpg\"  rel=\"lightbox[26] prettyPhoto[sadrzaj\/katalog\/68841]\"><img decoding=\"async\" loading=\"lazy\" class=\"smjestaj_dolje_slike alignleft\" src=\"http:\/\/www.to-porec.com\/thumbnail.aspx?filename=sadrzaj\/katalog\/68841\/10007337_1398728220404867_734569803262859207_o.jpg&amp;width=135&amp;height=95&amp;crop=true\" width=\"135\" height=\"95\" \/><\/a>Caffe Del Mar<\/h4>\n<p>Obala Mar\u0161ala Tita 24, HR-52440 Pore\u010d<br \/>\nE-mail: <a href=\"mailto:porec@cafedelmar.hr\">porec@cafedelmar.hr<\/a><br \/>\nWeb: <a href=\"http:\/\/www.cafedelmar.hr\/\" target=\"_blank\">www.cafedelmar.hr<\/a><br \/>\nFacebook: <a href=\"https:\/\/www.facebook.com\/pages\/DEL-MAR-PORE%C4%8C\/1398670417077314?pnref=story\" target=\"_blank\">https:\/\/www.facebook.com\/pages\/DEL-MAR-PORE%C4%8C\/1398670417077314?pnref=story<\/a><br \/>\nT:\u00a0 +385 (0)52 858 806<br \/>\nOpen: 7,00 \u2013 04,00<\/p>\n<p>&nbsp;<\/p>\n<h2 style=\"text-align: justify;\"><strong>Portorose<\/strong><\/h2>\n<p style=\"text-align: justify;\"><span id=\"result_box\" class=\"\" lang=\"it\" tabindex=\"-1\">(<span class=\"\">Italiano<\/span> Portorose- porta Rose) \u00e8 un luogo moderno sulla costa slovena, si trova <span class=\"\">nella baia di<\/span> <span class=\"\">Pirano<\/span>. Portorose \u00e8 una localit\u00e0 turistica con molti alberghi e <span class=\"\">un piccolo aeroporto<\/span> internazionale. Vicino alla citt\u00e0 sono Se\u010dovljaske solane.Ukoliko <span class=\"\">si decide di visitare<\/span> questo bellissimo posto siamo a vostra disposizione<\/span><\/p>\n<div class=\"huge_it_slideshow_image_wrap_7\">\u00a0<div id=\"metaslider-id-118\" style=\"max-width: 700px;\" class=\"ml-slider-3-33-0 metaslider metaslider-flex metaslider-118 ml-slider ms-theme-default\" role=\"region\" aria-roledescription=\"Slideshow\" aria-label=\"Slideshow\">\n    <div id=\"metaslider_container_118\">\n        <div id=\"metaslider_118\">\n            <ul aria-live=\"polite\" class=\"slides\">\n                <li style=\"display: block; width: 100%;\" class=\"slide-119 ms-image\" aria-roledescription=\"slide\" aria-label=\"slide-119\"><img src=\"https:\/\/www.taxipula.com\/wp-content\/uploads\/2016\/06\/Portoroz1-700x300.jpg\" height=\"300\" width=\"700\" alt=\"\" class=\"slider-118 slide-119\" \/><\/li>\n                <li style=\"display: none; width: 100%;\" class=\"slide-120 ms-image\" aria-roledescription=\"slide\" aria-label=\"slide-120\"><img src=\"https:\/\/www.taxipula.com\/wp-content\/uploads\/2016\/06\/portoroz-12-700x300.jpg\" height=\"300\" width=\"700\" alt=\"\" class=\"slider-118 slide-120\" \/><\/li>\n                <li style=\"display: none; width: 100%;\" class=\"slide-121 ms-image\" aria-roledescription=\"slide\" aria-label=\"slide-121\"><img src=\"https:\/\/www.taxipula.com\/wp-content\/uploads\/2016\/06\/portoro\u017e-700x300.jpg\" height=\"300\" width=\"700\" alt=\"\" class=\"slider-118 slide-121\" \/><\/li>\n                <li style=\"display: none; width: 100%;\" class=\"slide-122 ms-image\" aria-roledescription=\"slide\" aria-label=\"slide-122\"><img src=\"https:\/\/www.taxipula.com\/wp-content\/uploads\/2016\/06\/portoro\u017e3-700x300.jpg\" height=\"300\" width=\"700\" alt=\"\" class=\"slider-118 slide-122\" \/><\/li>\n                <li style=\"display: none; width: 100%;\" class=\"slide-123 ms-image\" aria-roledescription=\"slide\" aria-label=\"slide-123\"><img src=\"https:\/\/www.taxipula.com\/wp-content\/uploads\/2016\/06\/portoro\u017e4-700x300.jpg\" height=\"300\" width=\"700\" alt=\"\" class=\"slider-118 slide-123\" \/><\/li>\n                <li style=\"display: none; width: 100%;\" class=\"slide-124 ms-image\" aria-roledescription=\"slide\" aria-label=\"slide-124\"><img src=\"https:\/\/www.taxipula.com\/wp-content\/uploads\/2016\/06\/portoro\u017e5-600x257.jpg\" height=\"300\" width=\"700\" alt=\"\" class=\"slider-118 slide-124\" \/><\/li>\n            <\/ul>\n        <\/div>\n        \n    <\/div>\n<\/div><\/div>\n<h2>Venezia<\/h2>\n<p style=\"text-align: justify;\"><span id=\"result_box\" class=\"\" lang=\"it\" tabindex=\"-1\"><span title=\"Venecija je uz Pariz najromanti\u010dniji grad na svijetu, to je grad zaljubljenih ali da taj grad posjeduje posebnu ljepotu i \u0161arm, to ve\u0107 svi znaju i zbog toga na\u0161i \u0161oferi \u0107e vas vrlo rado povesti u razgledavanje ovog zaista impresivnog grada. \u00a0\u00a0\u00a0\u00a0\">Venezia comparando Parigi, la citt\u00e0 pi\u00f9 romantica del mondo, \u00e8 la citt\u00e0 degli innamorati,\u00a0 citt\u00e0 ha una particolare bellezza e fascino,questo tutti sanno\u00a0 \u00e8 per questo\u00a0 i nostri autisti saranno lieti di prendere in un tour di questa davvero impressionante citt\u00e0.<\/span><\/span><\/p>\n<p style=\"text-align: justify;\"><span title=\"Venezia je sagra\u0111ena na 118 otoka, ome\u0111enih s vi\u0161e od 170 kanala koji su pak spojeni s vi\u0161e od 350 mostova.\">Venezia \u00e8 costruita su 118 isole, circondate da pi\u00f9 di 170 canali che sono a loro volta collegati con oltre 350 ponti. <\/span><span title=\"Canal Grande, najdulji kanal, ujedno je i njihova najpoznatija \u2018ulica\u2019 te presijeca stari dio grada na dva dijela. \u00a0\u00a0\u00a0\u00a0\">Canal Grande, il pi\u00f9 lungo canale, \u00e8 anche la sua &#8216;strada&#8217; pi\u00f9 popolare e taglia la parte vecchia della citt\u00e0 in due parti.<\/span><\/p>\n<p style=\"text-align: justify;\"><span title=\"Najpoznatiji most je \u2013 Ponte di Rialto.\">Il ponte pi\u00f9 famoso \u00e8 &#8211; Ponte di Rialto. <\/span><span title=\"Cijela njegova okolica vrlo je \u017eivopisna, a pogotovo obli\u017enja tr\u017enica koja je u doba karnevala prepuna nadaleko poznatih maski i kostima.\">Tutto il suo ambiente \u00e8 molto colorato, in particolare il mercato nelle vicinanze, che \u00e8 nel tempo di carnevale maschere e costumi pieni di ben noti. <\/span><span title=\"Ovdje se nalaze i glavni vezovi najpopularnijeg simbola Venecije \u2013 gondole. \u00a0\u00a0\u00a0\u00a0\">Qui sonno i principali\u00a0 dei simboli pi\u00f9 popolari di Venezia &#8211; gondole.<\/span><\/p>\n<p style=\"text-align: justify;\"><span title=\"Uz Canal Grande vidjet \u0107ete na desetke predivnih pala\u010da, od kojih su najpoznatije Casa d\u2019Oro, Casa Rezzonico i Palazzo Grassi, dok vam se uz pokrajnje kanale otkrivaju mnogobrojne crkve, ali i La Fenice, zgrada opere.\">Lungo il Canal Grande si vedr\u00e0 decine di bei palazzi, in particolare Casa d&#8217;Oro, Casa Rezzonico e Palazzo Grassi, mentre\u00a0 con un canale laterale si scoprono molte chiese, e La Fenice teatro dell&#8217;opera. Qui<\/span><span title=\"Tu je jo\u0161 i crkva Santa Maria della Salute, koji stoji kao \u010duvar uz u\u0161\u0107e Kanala u Lagunu. \u00a0\u00a0\u00a0\u00a0\"> \u00e8 anche la chiesa di Santa Maria della Salute, che si erge come una guardia alla foce del canale in Laguna.<br \/>\n<\/span><span title=\"Pogledati \u0107ete u razgledavanju obavezno Du\u017edevu pala\u010du, sjedi\u0161te neko\u0107 najmo\u0107nije sile Jadrana. \u00a0\u00a0\u00a0\u00a0\">Ci vediamo il Palazzo Ducale\u00a0 un tempo sede delle forze pi\u00f9 potenti del mare Adriatico.<\/span><\/p>\n<p style=\"text-align: justify;\"><span title=\"Tu je i zvonik sv.\">C&#8217;\u00e8 anche un campanile<\/span><span title=\"Marka, ispred kojeg nerijetko znaju stajati kolone turista kako bi se popeli na vrh.\">, San Marco, davanti al quale spesso sonno turisti in colonna per raggiungere la cima. <\/span><span title=\"Odavde se vidi cijela Venecija, njezini trgovi, krovovi i gotovo \u010ditava laguna.Na trgu \u0107ete, tako\u0111er, nai\u0107i i na neizbje\u017ene golubove te brojne statue lava s krilima, glavnog simbola sv.\">Da qui si pu\u00f2 vedere l&#8217;intera Venezia, le sue piazze, tetti e quasi tutta laguna.Si puo anche incontrare i piccioni inevitabili e le numerose statue di un leone con le ali, il simbolo principale di San M<\/span><span title=\"Marka \u00a0\u00a0\u00a0\u00a0\">arco.<\/span><\/p>\n<p style=\"text-align: justify;\"><span title=\"Ostale znamenitosti koje vam stoje na raspolaganju za razgledavnje tako\u0111er \u0107ete \u017eeljeti obi\u0107i kao npr. Gughenghaimov muzej, otok Lido- mondeno sjedi\u0161te sa \u010duvenim casinom i hotelima, \u0161etnicama, pla\u017eama;\">Altre attrazioni che sono disponibili per visite turistiche intorno vorrete anche visitare tale Gughenghaim museo l&#8217; isola Lido- sede alla moda con i famosi casin\u00f2 e alberghi, passeggiate, spiagge.; <\/span><span title=\"otok Murano \u2013 najpoznatiji po proizvodnji stakla a njegovi \u0107e vas \u0161areni proizvodi, poput narukvica ili ogrlica, uvijek podsje\u0107ati na ovaj grad, spoj ljepote, povijesti i romanse.\">Isola di Murano &#8211; famosa per la lavorazione del vetro e dei suoi prodotti colorati , come un bracciale o una collana, sempre ricordato di questa citt\u00e0, mix di bellezza, storia e romanticismo.<\/span><\/p>\n<\/li>\n<\/ul>\n<div id=\"metaslider-id-138\" style=\"max-width: 700px;\" class=\"ml-slider-3-33-0 metaslider metaslider-flex metaslider-138 ml-slider ms-theme-default\" role=\"region\" aria-roledescription=\"Slideshow\" aria-label=\"Slideshow\">\n    <div id=\"metaslider_container_138\">\n        <div id=\"metaslider_138\">\n            <ul aria-live=\"polite\" class=\"slides\">\n                <li style=\"display: block; width: 100%;\" class=\"slide-139 ms-image\" aria-roledescription=\"slide\" aria-label=\"slide-139\"><img src=\"https:\/\/www.taxipula.com\/wp-content\/uploads\/2016\/06\/71VeneziaTorreOrologio-700x300.jpg\" height=\"300\" width=\"700\" alt=\"\" class=\"slider-138 slide-139\" \/><\/li>\n                <li style=\"display: none; width: 100%;\" class=\"slide-140 ms-image\" aria-roledescription=\"slide\" aria-label=\"slide-140\"><img src=\"https:\/\/www.taxipula.com\/wp-content\/uploads\/2016\/06\/800px-Ca_Rezzonico_Venice-700x300.jpg\" height=\"300\" width=\"700\" alt=\"\" class=\"slider-138 slide-140\" \/><\/li>\n                <li style=\"display: none; width: 100%;\" class=\"slide-141 ms-image\" aria-roledescription=\"slide\" aria-label=\"slide-141\"><img src=\"https:\/\/www.taxipula.com\/wp-content\/uploads\/2016\/06\/800px-Palazzo_ducale_venezia_tutto-700x300.jpg\" height=\"300\" width=\"700\" alt=\"\" class=\"slider-138 slide-141\" \/><\/li>\n                <li style=\"display: none; width: 100%;\" class=\"slide-142 ms-image\" aria-roledescription=\"slide\" aria-label=\"slide-142\"><img src=\"https:\/\/www.taxipula.com\/wp-content\/uploads\/2016\/06\/800px-PI5DAE2_-_CopyPeggy_Guggenheim_Museum-700x300.jpg\" height=\"300\" width=\"700\" alt=\"\" class=\"slider-138 slide-142\" \/><\/li>\n                <li style=\"display: none; width: 100%;\" class=\"slide-143 ms-image\" aria-roledescription=\"slide\" aria-label=\"slide-143\"><img src=\"https:\/\/www.taxipula.com\/wp-content\/uploads\/2016\/06\/800px-Venedig_s_maria_della_salut-700x300.jpg\" height=\"300\" width=\"700\" alt=\"\" class=\"slider-138 slide-143\" \/><\/li>\n                <li style=\"display: none; width: 100%;\" class=\"slide-144 ms-image\" aria-roledescription=\"slide\" aria-label=\"slide-144\"><img src=\"https:\/\/www.taxipula.com\/wp-content\/uploads\/2016\/06\/800px-Venezia_2008_Piazza_San_Marco-700x300.jpg\" height=\"300\" width=\"700\" alt=\"\" class=\"slider-138 slide-144\" \/><\/li>\n                <li style=\"display: none; width: 100%;\" class=\"slide-145 ms-image\" aria-roledescription=\"slide\" aria-label=\"slide-145\"><img src=\"https:\/\/www.taxipula.com\/wp-content\/uploads\/2016\/06\/Ponte_Rialto_from_the_Grand_Canal-700x300.jpg\" height=\"300\" width=\"700\" alt=\"\" class=\"slider-138 slide-145\" \/><\/li>\n                <li style=\"display: none; width: 100%;\" class=\"slide-146 ms-image\" aria-roledescription=\"slide\" aria-label=\"slide-146\"><img src=\"https:\/\/www.taxipula.com\/wp-content\/uploads\/2016\/06\/spiaggia_big-550x236.jpg\" height=\"300\" width=\"700\" alt=\"\" class=\"slider-138 slide-146\" \/><\/li>\n                <li style=\"display: none; width: 100%;\" class=\"slide-147 ms-image\" aria-roledescription=\"slide\" aria-label=\"slide-147\"><img src=\"https:\/\/www.taxipula.com\/wp-content\/uploads\/2016\/06\/Venice_pano1-700x300.jpg\" height=\"300\" width=\"700\" alt=\"\" class=\"slider-138 slide-147\" \/><\/li>\n                <li style=\"display: none; width: 100%;\" class=\"slide-148 ms-image\" aria-roledescription=\"slide\" aria-label=\"slide-148\"><img src=\"https:\/\/www.taxipula.com\/wp-content\/uploads\/2016\/06\/Venice-Venezia-italy-Murano-Glass-famous-fascinating-amazing-photos-most-popular-mystic-romantic-700x300.jpg\" height=\"300\" width=\"700\" alt=\"\" class=\"slider-138 slide-148\" \/><\/li>\n            <\/ul>\n        <\/div>\n        \n    <\/div>\n<\/div>\n<\/div>\n<\/div>\n<div class=\"navigation\"><\/div>\n<div class=\"clear\"><\/div>\n<\/div>\n<div class=\"clear\"><\/div>\n<\/div>\n<div class=\"clear\"><\/div>\n<div id=\"footer\"><\/div>\n<p><\/p>","protected":false},"excerpt":{"rendered":"<p>Zr\u0107e\u00a0\u00a0 \u00e8 una lunga spiaggia di ciottoli vicino a Novalja e Gajac sull&#8217;isola di Pago. Beach \u00e8 diventato famoso come<\/p>\n","protected":false},"author":1,"featured_media":0,"parent":0,"menu_order":0,"comment_status":"closed","ping_status":"closed","template":"","meta":[],"_links":{"self":[{"href":"https:\/\/www.taxipula.com\/it\/wp-json\/wp\/v2\/pages\/26"}],"collection":[{"href":"https:\/\/www.taxipula.com\/it\/wp-json\/wp\/v2\/pages"}],"about":[{"href":"https:\/\/www.taxipula.com\/it\/wp-json\/wp\/v2\/types\/page"}],"author":[{"embeddable":true,"href":"https:\/\/www.taxipula.com\/it\/wp-json\/wp\/v2\/users\/1"}],"replies":[{"embeddable":true,"href":"https:\/\/www.taxipula.com\/it\/wp-json\/wp\/v2\/comments?post=26"}],"version-history":[{"count":23,"href":"https:\/\/www.taxipula.com\/it\/wp-json\/wp\/v2\/pages\/26\/revisions"}],"predecessor-version":[{"id":342,"href":"https:\/\/www.taxipula.com\/it\/wp-json\/wp\/v2\/pages\/26\/revisions\/342"}],"wp:attachment":[{"href":"https:\/\/www.taxipula.com\/it\/wp-json\/wp\/v2\/media?parent=26"}],"curies":[{"name":"wp","href":"https:\/\/api.w.org\/{rel}","templated":true}]}}