{"id":21,"date":"2016-06-25T17:50:20","date_gmt":"2016-06-25T17:50:20","guid":{"rendered":"http:\/\/www.taxipula.com\/?page_id=21"},"modified":"2016-07-16T16:50:04","modified_gmt":"2016-07-16T16:50:04","slug":"izleti","status":"publish","type":"page","link":"http:\/\/www.taxipula.com\/it\/izleti\/","title":{"rendered":"Escursioni"},"content":{"rendered":"<p><\/p>\n<div class=\"container\">\n<div id=\"blog\" class=\"blog\">\n<div class=\"single-post\">\n<div class=\"entry\">\n<p class=\"\" style=\"text-align: justify;\"><span id=\"result_box\" class=\"\" lang=\"it\"><span class=\"\">Taxi<\/span> EDI fornisce le escursioni che possono essere organizzate per un piccolo <span class=\"\">o grande<\/span> gruppo di persone, anche per quanto riguarda i loro hobby e interessi. <span class=\"\">Questo significa che<\/span> siamo in grado di personalizzare completamente la posizione del <span class=\"\">vostro interesse<\/span>, la durata del viaggio o la data. Questo tipo di viaggio \u00e8 organizzato <span class=\"\">per soddisfare le<\/span> aspettative delle persone che vogliono visitare la nostra splendida costa<span class=\"\">, montagne<\/span> mozzafiato e luoghi storici.<\/span><\/p>\n<h2 class=\"prev-indent-bot\">\u00a0N.P. Plitvice<\/h2>\n<div class=\"huge_it_slideshow_image_wrap_4\">\u00a0<div id=\"metaslider-id-84\" style=\"max-width: 700px;\" class=\"ml-slider-3-33-0 metaslider metaslider-flex metaslider-84 ml-slider ms-theme-default\" role=\"region\" aria-roledescription=\"Slideshow\" aria-label=\"Slideshow\">\n    <div id=\"metaslider_container_84\">\n        <div id=\"metaslider_84\">\n            <ul aria-live=\"polite\" class=\"slides\">\n                <li style=\"display: block; width: 100%;\" class=\"slide-85 ms-image\" aria-roledescription=\"slide\" aria-label=\"slide-85\"><img src=\"http:\/\/www.taxipula.com\/wp-content\/uploads\/2016\/06\/plitvice-700x300.jpg\" height=\"300\" width=\"700\" alt=\"\" class=\"slider-84 slide-85\" \/><\/li>\n                <li style=\"display: none; width: 100%;\" class=\"slide-86 ms-image\" aria-roledescription=\"slide\" aria-label=\"slide-86\"><img src=\"http:\/\/www.taxipula.com\/wp-content\/uploads\/2016\/06\/plitvice1-700x300.jpg\" height=\"300\" width=\"700\" alt=\"\" class=\"slider-84 slide-86\" \/><\/li>\n                <li style=\"display: none; width: 100%;\" class=\"slide-87 ms-image\" aria-roledescription=\"slide\" aria-label=\"slide-87\"><img src=\"http:\/\/www.taxipula.com\/wp-content\/uploads\/2016\/06\/plitvice2-700x300.jpg\" height=\"300\" width=\"700\" alt=\"\" class=\"slider-84 slide-87\" \/><\/li>\n                <li style=\"display: none; width: 100%;\" class=\"slide-88 ms-image\" aria-roledescription=\"slide\" aria-label=\"slide-88\"><img src=\"http:\/\/www.taxipula.com\/wp-content\/uploads\/2016\/06\/plitvice3-700x300.jpg\" height=\"300\" width=\"700\" alt=\"\" class=\"slider-84 slide-88\" \/><\/li>\n                <li style=\"display: none; width: 100%;\" class=\"slide-89 ms-image\" aria-roledescription=\"slide\" aria-label=\"slide-89\"><img src=\"http:\/\/www.taxipula.com\/wp-content\/uploads\/2016\/06\/plitvice4-700x300.jpg\" height=\"300\" width=\"700\" alt=\"\" class=\"slider-84 slide-89\" \/><\/li>\n                <li style=\"display: none; width: 100%;\" class=\"slide-90 ms-image\" aria-roledescription=\"slide\" aria-label=\"slide-90\"><img src=\"http:\/\/www.taxipula.com\/wp-content\/uploads\/2016\/06\/plitvice5-700x300.jpg\" height=\"300\" width=\"700\" alt=\"\" class=\"slider-84 slide-90\" \/><\/li>\n                <li style=\"display: none; width: 100%;\" class=\"slide-91 ms-image\" aria-roledescription=\"slide\" aria-label=\"slide-91\"><img src=\"http:\/\/www.taxipula.com\/wp-content\/uploads\/2016\/06\/plitvice6-700x300.jpg\" height=\"300\" width=\"700\" alt=\"\" class=\"slider-84 slide-91\" \/><\/li>\n                <li style=\"display: none; width: 100%;\" class=\"slide-92 ms-image\" aria-roledescription=\"slide\" aria-label=\"slide-92\"><img src=\"http:\/\/www.taxipula.com\/wp-content\/uploads\/2016\/06\/plitvice7-700x300.jpg\" height=\"300\" width=\"700\" alt=\"\" class=\"slider-84 slide-92\" \/><\/li>\n                <li style=\"display: none; width: 100%;\" class=\"slide-93 ms-image\" aria-roledescription=\"slide\" aria-label=\"slide-93\"><img src=\"http:\/\/www.taxipula.com\/wp-content\/uploads\/2016\/06\/plitvice8-700x300.jpg\" height=\"300\" width=\"700\" alt=\"\" class=\"slider-84 slide-93\" \/><\/li>\n            <\/ul>\n        <\/div>\n        \n    <\/div>\n<\/div><\/div>\n<figure class=\"img-indent-r prev-indent-bot \"><\/figure>\n<figure class=\"img-indent-r prev-indent-bot \"><\/figure>\n<p style=\"text-align: justify;\"><span id=\"result_box\" class=\"\" lang=\"it\"><span class=\"\">Parco<\/span> Nazionale di Plitvice \u00e8 uno dei pi\u00f9 bei parchi nazionali del paese, e <span class=\"\">certamente il pi\u00f9 famoso<\/span>. Il suo eccezionale valore \u00e8 stato riconosciuto da tutto il mondo e mettere il <span class=\"\">Laghi di Plitvice<\/span> sul UNESCO World Heritage List. Molti fiumi, cascate e laghi offrono <span class=\"\">ogni visitatore<\/span> di sperimentare la vera natura di forza ora. Milioni di visitatori <span class=\"\">che hanno visitato<\/span> <span class=\"\">Plitvice<\/span> sono sempre tornando perch\u00e9 questo soggiorno armonia naturale in esse <span class=\"\">\u00e8 unica e<\/span> rara nel mondo.<\/span><\/p>\n<p>Il parco <span class=\"\">comprende la<\/span> sorgente del fiume Korana nella zona circondata da fitti boschi di faggio, laghi e <span class=\"\">boschi di abeti<\/span> .Il parco \u00e8 ornato con numerose grotte, sorgenti, <span class=\"\">prati fioriti<\/span>, e tra le molte specie di fauna selvatica rari come l&#8217;orso bruno.<\/p>\n<p>Possibili attivit\u00e0 nel parco: passeggiate, escursioni, equitazione un trenino elettrico e barca, tiro, ciclismo, sci, canottaggio &#8230;<\/p>\n<div class=\"post-inner\">\n<h2><span id=\"result_box\" class=\"short_text\" lang=\"it\">Un viaggio <span class=\"\">attraverso l&#8217;Istria<\/span><\/span><\/h2>\n<div class=\"huge_it_slideshow_image_wrap_2\">\u00a0<div id=\"metaslider-id-103\" style=\"max-width: 700px;\" class=\"ml-slider-3-33-0 metaslider metaslider-flex metaslider-103 ml-slider ms-theme-default\" role=\"region\" aria-roledescription=\"Slideshow\" aria-label=\"Slideshow\">\n    <div id=\"metaslider_container_103\">\n        <div id=\"metaslider_103\">\n            <ul aria-live=\"polite\" class=\"slides\">\n                <li style=\"display: block; width: 100%;\" class=\"slide-101 ms-image\" aria-roledescription=\"slide\" aria-label=\"slide-101\"><img src=\"http:\/\/www.taxipula.com\/wp-content\/uploads\/2016\/06\/istra6-700x300.jpg\" height=\"300\" width=\"700\" alt=\"\" class=\"slider-103 slide-101\" \/><\/li>\n                <li style=\"display: none; width: 100%;\" class=\"slide-100 ms-image\" aria-roledescription=\"slide\" aria-label=\"slide-100\"><img src=\"http:\/\/www.taxipula.com\/wp-content\/uploads\/2016\/06\/istra5-700x300.jpg\" height=\"300\" width=\"700\" alt=\"\" class=\"slider-103 slide-100\" \/><\/li>\n                <li style=\"display: none; width: 100%;\" class=\"slide-99 ms-image\" aria-roledescription=\"slide\" aria-label=\"slide-99\"><img src=\"http:\/\/www.taxipula.com\/wp-content\/uploads\/2016\/06\/istra4-700x300.jpg\" height=\"300\" width=\"700\" alt=\"\" class=\"slider-103 slide-99\" \/><\/li>\n                <li style=\"display: none; width: 100%;\" class=\"slide-98 ms-image\" aria-roledescription=\"slide\" aria-label=\"slide-98\"><img src=\"http:\/\/www.taxipula.com\/wp-content\/uploads\/2016\/06\/istra3-700x300.jpg\" height=\"300\" width=\"700\" alt=\"\" class=\"slider-103 slide-98\" \/><\/li>\n                <li style=\"display: none; width: 100%;\" class=\"slide-97 ms-image\" aria-roledescription=\"slide\" aria-label=\"slide-97\"><img src=\"http:\/\/www.taxipula.com\/wp-content\/uploads\/2016\/06\/istra2-700x300.jpg\" height=\"300\" width=\"700\" alt=\"\" class=\"slider-103 slide-97\" \/><\/li>\n                <li style=\"display: none; width: 100%;\" class=\"slide-96 ms-image\" aria-roledescription=\"slide\" aria-label=\"slide-96\"><img src=\"http:\/\/www.taxipula.com\/wp-content\/uploads\/2016\/06\/istra1-700x300.jpg\" height=\"300\" width=\"700\" alt=\"\" class=\"slider-103 slide-96\" \/><\/li>\n            <\/ul>\n        <\/div>\n        \n    <\/div>\n<\/div><\/div>\n<p>LIMSKI KANAL \/ MOTOVUN \/ GRO\u017dNJAN \/ HUM \/ PAZIN \/ DVIGRAD<\/p>\n<p style=\"text-align: justify;\"><span id=\"result_box\" class=\"\" lang=\"it\" tabindex=\"-1\"><span class=\"\">Luoghi molto<\/span> interessanti che si possono visitare, come Lim, si presenta come i fiordi norvegesi con un&#8217;offerta rappresentante di piatti di pesce, poi Pisino, <span class=\"\">il centro storico con<\/span> la sua famosa grotta, e Hum, la citt\u00e0 pi\u00f9 piccola del mondo, Grisignana, <span class=\"\">un pittoresco villaggio<\/span> con un&#8217;anima artistica e buoni vini, Montona fortezza centro storico <span class=\"\">con<\/span> belle strade strette e una cucina ricca, Dvigrad- dimenticato citt\u00e0 storica nei pressi di <span class=\"\">Canfanaro<\/span>.<\/span><\/p>\n<h2 class=\"post-desciption\"><strong>Grotte di Baredine<br \/>\n<\/strong><\/h2>\n<p class=\"post-desciption\"><div id=\"metaslider-id-106\" style=\"max-width: 700px;\" class=\"ml-slider-3-33-0 metaslider metaslider-flex metaslider-106 ml-slider ms-theme-default\" role=\"region\" aria-roledescription=\"Slideshow\" aria-label=\"Slideshow\">\n    <div id=\"metaslider_container_106\">\n        <div id=\"metaslider_106\">\n            <ul aria-live=\"polite\" class=\"slides\">\n                <li style=\"display: block; width: 100%;\" class=\"slide-107 ms-image\" aria-roledescription=\"slide\" aria-label=\"slide-107\"><img src=\"http:\/\/www.taxipula.com\/wp-content\/uploads\/2016\/06\/baredine1-700x300.jpg\" height=\"300\" width=\"700\" alt=\"\" class=\"slider-106 slide-107\" \/><\/li>\n                <li style=\"display: none; width: 100%;\" class=\"slide-108 ms-image\" aria-roledescription=\"slide\" aria-label=\"slide-108\"><img src=\"http:\/\/www.taxipula.com\/wp-content\/uploads\/2016\/06\/baredine2-700x300.jpg\" height=\"300\" width=\"700\" alt=\"\" class=\"slider-106 slide-108\" \/><\/li>\n            <\/ul>\n        <\/div>\n        \n    <\/div>\n<\/div><\/p>\n<p><span style=\"font-family: Times New Roman,serif;\"><span style=\"font-size: medium;\"><span lang=\"it-IT\">\u00a0<\/span><\/span><\/span><\/p>\n<p style=\"text-align: justify;\"><span class=\"\" lang=\"it\"><span class=\"\"> <span style=\"font-family: Times New Roman,serif;\"><span style=\"font-size: medium;\"><span lang=\"it-IT\"><br \/>\n<\/span><\/span><\/span><\/span><\/span><\/p>\n<p style=\"text-align: justify;\"><span style=\"font-family: Times New Roman,serif;\"><span style=\"font-size: medium;\"><span lang=\"it-IT\"><span class=\"\" lang=\"it\"><span class=\"\"> <span style=\"font-family: Times New Roman,serif;\"><span style=\"font-size: medium;\">Agli inizi degli<\/span><\/span> anni novanta<\/span> iniziano<\/span>concreti lavori, \u00e8 ci stata ricostruita mentre in maggio 1995 \u00e8 stata aperta al pubblico<\/span><\/span><\/span><\/p>\n<p style=\"text-align: justify;\"><span id=\"result_box\" class=\"\" lang=\"it\">Nei prossimi anni \u00e8 regolata dalle infrastrutture, che <span class=\"\">crea le condizioni per<\/span> migliorare la qualit\u00e0 dei visitatori soggiorno nella grotta e intorno ad esso.<\/span><\/p>\n<p style=\"text-align: justify;\"><span class=\"\">Dal momento che i<\/span> primi studi nel 1973 fino ai <span style=\"font-family: Times New Roman,serif;\"><span style=\"font-size: medium;\"><span lang=\"it-IT\">giorni d ogi,ulteriormente approfonditi con <span class=\"\">l&#8217;obiettivo di trovare<\/span> nuovi locali e ceramiche superficiali raccolti nei sedimenti <span class=\"\">argillosi<\/span>, che indica una voce lontana e il soggiorno dell&#8217;uomo nella grotta omonima, <span class=\"\">e quindi \u00e8<\/span> anche indagato e fauna sotterranee.<\/span><\/span><\/span><\/p>\n<p><span style=\"font-family: Times New Roman,serif;\"><span style=\"font-size: medium;\"><span lang=\"it-IT\">Baredine \u00e8 il primo obbietivo speleologico \u2013 geomorfologico e monumento naturale in Istria valutati per i turisti in visita.<\/span><\/span><\/span><\/p>\n<div class=\"post-inner\">\n<h2 class=\"post-title\">Grotte di Postumia<\/h2>\n<div id=\"metaslider-id-111\" style=\"max-width: 700px;\" class=\"ml-slider-3-33-0 metaslider metaslider-flex metaslider-111 ml-slider ms-theme-default\" role=\"region\" aria-roledescription=\"Slideshow\" aria-label=\"Slideshow\">\n    <div id=\"metaslider_container_111\">\n        <div id=\"metaslider_111\">\n            <ul aria-live=\"polite\" class=\"slides\">\n                <li style=\"display: block; width: 100%;\" class=\"slide-112 ms-image\" aria-roledescription=\"slide\" aria-label=\"slide-112\"><img src=\"http:\/\/www.taxipula.com\/wp-content\/uploads\/2016\/06\/postojna1-700x300.jpg\" height=\"300\" width=\"700\" alt=\"\" class=\"slider-111 slide-112\" \/><\/li>\n                <li style=\"display: none; width: 100%;\" class=\"slide-113 ms-image\" aria-roledescription=\"slide\" aria-label=\"slide-113\"><img src=\"http:\/\/www.taxipula.com\/wp-content\/uploads\/2016\/06\/postojna2-700x300.jpg\" height=\"300\" width=\"700\" alt=\"\" class=\"slider-111 slide-113\" \/><\/li>\n                <li style=\"display: none; width: 100%;\" class=\"slide-114 ms-image\" aria-roledescription=\"slide\" aria-label=\"slide-114\"><img src=\"http:\/\/www.taxipula.com\/wp-content\/uploads\/2016\/06\/postojna3-700x300.jpg\" height=\"300\" width=\"700\" alt=\"\" class=\"slider-111 slide-114\" \/><\/li>\n                <li style=\"display: none; width: 100%;\" class=\"slide-115 ms-image\" aria-roledescription=\"slide\" aria-label=\"slide-115\"><img src=\"http:\/\/www.taxipula.com\/wp-content\/uploads\/2016\/06\/postojna4-700x300.jpg\" height=\"300\" width=\"700\" alt=\"\" class=\"slider-111 slide-115\" \/><\/li>\n                <li style=\"display: none; width: 100%;\" class=\"slide-116 ms-image\" aria-roledescription=\"slide\" aria-label=\"slide-116\"><img src=\"http:\/\/www.taxipula.com\/wp-content\/uploads\/2016\/06\/postojna5-700x300.jpg\" height=\"300\" width=\"700\" alt=\"\" class=\"slider-111 slide-116\" \/><\/li>\n            <\/ul>\n        <\/div>\n        \n    <\/div>\n<\/div>\n<div id=\"gt-res-content\" class=\"almost_half_cell\">\n<div dir=\"ltr\">\n<p style=\"text-align: justify;\"><span id=\"result_box\" class=\"\" lang=\"it\"><span class=\"\">Un<\/span> meraviglioso intreccio di gallerie, gallerie e sale, variet\u00e0 di fenomeni carsici <span class=\"\">mozzafiato<\/span> e con la sua accessibilit\u00e0 sono i principali motivi per la popolarit\u00e0 eccezionale e <span class=\"\">visite alle<\/span> Grotte di Postumia, che in 200 anni ha ospitato gi\u00e0 35 milioni di visitatori.<\/span><\/p>\n<p style=\"text-align: justify;\">Grotte di Postumia \u00e8 senza dubbio la pi\u00f9 famosa grotta turistica al mondo. La pi\u00f9 grande attrazione turistica della Slovenia e uno dei pi\u00f9 grandi monumenti carsici del mondo. A proposito di Grotte di Postumia ha scritto molti libri e contributi; oltre 200 anni ha causato pi\u00f9 di 100 guide turistiche.<\/p>\n<\/div>\n<\/div>\n<\/div>\n<\/div>\n<\/div>\n<\/div>\n<div class=\"navigation\" style=\"text-align: justify;\"><\/div>\n<div class=\"clear\"><\/div>\n<\/div>\n<div class=\"clear\"><\/div>\n<\/div>\n<div class=\"clear\"><\/div>\n<div id=\"footer\"><\/div>\n<p><\/p>","protected":false},"excerpt":{"rendered":"<p>Taxi EDI fornisce le escursioni che possono essere organizzate per un piccolo o grande gruppo di persone, anche per quanto<\/p>\n","protected":false},"author":1,"featured_media":0,"parent":0,"menu_order":0,"comment_status":"closed","ping_status":"closed","template":"","meta":[],"_links":{"self":[{"href":"http:\/\/www.taxipula.com\/it\/wp-json\/wp\/v2\/pages\/21"}],"collection":[{"href":"http:\/\/www.taxipula.com\/it\/wp-json\/wp\/v2\/pages"}],"about":[{"href":"http:\/\/www.taxipula.com\/it\/wp-json\/wp\/v2\/types\/page"}],"author":[{"embeddable":true,"href":"http:\/\/www.taxipula.com\/it\/wp-json\/wp\/v2\/users\/1"}],"replies":[{"embeddable":true,"href":"http:\/\/www.taxipula.com\/it\/wp-json\/wp\/v2\/comments?post=21"}],"version-history":[{"count":35,"href":"http:\/\/www.taxipula.com\/it\/wp-json\/wp\/v2\/pages\/21\/revisions"}],"predecessor-version":[{"id":340,"href":"http:\/\/www.taxipula.com\/it\/wp-json\/wp\/v2\/pages\/21\/revisions\/340"}],"wp:attachment":[{"href":"http:\/\/www.taxipula.com\/it\/wp-json\/wp\/v2\/media?parent=21"}],"curies":[{"name":"wp","href":"https:\/\/api.w.org\/{rel}","templated":true}]}}