{"id":19,"date":"2016-06-25T17:50:05","date_gmt":"2016-06-25T17:50:05","guid":{"rendered":"http:\/\/www.taxipula.com\/?page_id=19"},"modified":"2023-03-19T19:08:50","modified_gmt":"2023-03-19T19:08:50","slug":"transferi","status":"publish","type":"page","link":"http:\/\/www.taxipula.com\/it\/transferi\/","title":{"rendered":"Trasferimenti"},"content":{"rendered":"<p><\/p>\n<div class=\"container\">\n<div id=\"blog\" class=\"blog\">\n<div class=\"single-post\">\n<div class=\"entry\">\n<h2><span id=\"result_box\" class=\"\" lang=\"it\"><span class=\"\">Trasporto dall&#8217;aeroporto<\/span> alla destinazione desiderata<\/span><\/h2>\n<p><span id=\"result_box\" class=\"\" lang=\"it\"><span class=\"\">Facciamo<\/span> tutti i tipi di trasporto dall&#8217;aeroporto all&#8217;aeroporto come negli Stati Uniti, e in Europa (corsa dall&#8217;aeroporto a qualsiasi altra destinazione).<\/span><\/p>\n<p><span class=\"\">Offriamo<\/span> trasferimenti da \/ per l&#8217;aeroporto, la stazione degli autobus, appartamenti e <span class=\"\">alberghi in<\/span> Croazia o all&#8217;estero.<\/p>\n<h2><img decoding=\"async\" loading=\"lazy\" class=\"alignleft wp-image-170 size-medium\" src=\"http:\/\/zadnja.net23.net\/wp-content\/uploads\/2016\/06\/airport-1pula-300x95.jpg\" sizes=\"(max-width: 300px) 100vw, 300px\" srcset=\"http:\/\/zadnja.net23.net\/wp-content\/uploads\/2016\/06\/airport-1pula-300x95.jpg 300w, http:\/\/zadnja.net23.net\/wp-content\/uploads\/2016\/06\/airport-1pula-768x243.jpg 768w, http:\/\/zadnja.net23.net\/wp-content\/uploads\/2016\/06\/airport-1pula-150x47.jpg 150w, http:\/\/zadnja.net23.net\/wp-content\/uploads\/2016\/06\/airport-1pula.jpg 845w\" alt=\"airport 1pula\" width=\"300\" height=\"95\" \/><span id=\"result_box\" class=\"short_text\" lang=\"it\">I trasferimenti dall&#8217;aeroporto <span class=\"\">di Pola<\/span><\/span><\/h2>\n<h3><\/h3>\n<p>&nbsp;<\/p>\n<h2><img decoding=\"async\" loading=\"lazy\" class=\"alignleft wp-image-171 size-medium\" src=\"http:\/\/zadnja.net23.net\/wp-content\/uploads\/2016\/06\/porec-300x168.jpg\" sizes=\"(max-width: 300px) 100vw, 300px\" srcset=\"http:\/\/zadnja.net23.net\/wp-content\/uploads\/2016\/06\/porec-300x168.jpg 300w, http:\/\/zadnja.net23.net\/wp-content\/uploads\/2016\/06\/porec-150x84.jpg 150w, http:\/\/zadnja.net23.net\/wp-content\/uploads\/2016\/06\/porec.jpg 700w\" alt=\"porec\" width=\"300\" height=\"168\" \/><span id=\"result_box\" class=\"short_text\" lang=\"it\">Aeroporto Pula <span class=\"\">&#8211; Porec<\/span><\/span><\/h2>\n<p style=\"text-align: justify;\"><span id=\"result_box\" class=\"\" lang=\"it\"><span class=\"\">Sei alla ricerca di<\/span> attivit\u00e0, notevoli esperienze e ricco patrimonio culturale, a Porec <span class=\"\">e nei suoi dintorni<\/span> \u00e8 la scelta giusta perch\u00e9 di Parenzo ha quasi un secolo di <span class=\"\">esperienza nel campo dell&#8217;ospitalit\u00e0<\/span> e supremo offerta turistica. Non ti perdere le numerose <span class=\"\">feste organizzate<\/span> in villaggi turistici e nella citt\u00e0 stessa ha quasi ogni angolo; stabilimenti balneari, bar, e dopo la mezzanotte la piacevole atmosfera del bar notturni e discoteche. <span class=\"\">Semplice<\/span> &#8211; divertimento dall&#8217;alba al tramonto!<\/span><\/p>\n<p>&nbsp;<\/p>\n<h2><img decoding=\"async\" loading=\"lazy\" class=\"alignleft wp-image-172 size-medium\" src=\"http:\/\/zadnja.net23.net\/wp-content\/uploads\/2016\/06\/rovinj-300x200.jpg\" sizes=\"(max-width: 300px) 100vw, 300px\" srcset=\"http:\/\/zadnja.net23.net\/wp-content\/uploads\/2016\/06\/rovinj-300x200.jpg 300w, http:\/\/zadnja.net23.net\/wp-content\/uploads\/2016\/06\/rovinj-768x511.jpg 768w, http:\/\/zadnja.net23.net\/wp-content\/uploads\/2016\/06\/rovinj-150x100.jpg 150w, http:\/\/zadnja.net23.net\/wp-content\/uploads\/2016\/06\/rovinj.jpg 869w\" alt=\"rovinj\" width=\"300\" height=\"200\" \/><span id=\"result_box\" class=\"short_text\" lang=\"it\">Aeroporto Pula &#8211; <span class=\"\">Rovinj<\/span><\/span><\/h2>\n<p style=\"text-align: justify;\"><span id=\"result_box\" class=\"\" lang=\"it\"><span class=\"\">Nella splendida<\/span> costa occidentale dell&#8217;Istria, un po sotto il Canale di Leme \u00e8 il posto pi\u00f9 <span class=\"\">romantico del Mediterraneo<\/span>! Citt\u00e0 di Rovigno e la destinazione adatta per <span class=\"\">tutti coloro che<\/span> a lungo per un atmosfera sentimentale dei tempi che sono irrimediabilmente <span class=\"\">andato.<\/span> Nel Mediterraneo, si possono trovare solo qui, in cui la sua vita romantica <span class=\"\">iniziata<\/span> sull&#8217;isola, che \u00e8 uno spazio confinato portato alla costruzione di case strette, vicoli e piazzette, ancora incontaminata dal dell&#8217;urbanistica moderna.<\/span><\/p>\n<p>&nbsp;<\/p>\n<h2><img decoding=\"async\" loading=\"lazy\" class=\"alignleft wp-image-173 size-medium\" src=\"http:\/\/zadnja.net23.net\/wp-content\/uploads\/2016\/06\/rabac-300x107.jpg\" sizes=\"(max-width: 300px) 100vw, 300px\" srcset=\"http:\/\/zadnja.net23.net\/wp-content\/uploads\/2016\/06\/rabac-300x107.jpg 300w, http:\/\/zadnja.net23.net\/wp-content\/uploads\/2016\/06\/rabac-768x274.jpg 768w, http:\/\/zadnja.net23.net\/wp-content\/uploads\/2016\/06\/rabac-1030x368.jpg 1030w, http:\/\/zadnja.net23.net\/wp-content\/uploads\/2016\/06\/rabac-150x54.jpg 150w, http:\/\/zadnja.net23.net\/wp-content\/uploads\/2016\/06\/rabac.jpg 1120w\" alt=\"rabac\" width=\"300\" height=\"107\" \/><span id=\"result_box\" class=\"short_text\" lang=\"it\">Aeroporto Pula &#8211; <span class=\"\">Rabac<\/span><\/span><\/h2>\n<p style=\"text-align: justify;\"><span id=\"result_box\" class=\"\" lang=\"it\"><span class=\"\">Dove<\/span> le verdi colline incontrano il mare, dove la natura e il patrimonio, non vi <span class=\"\">\u00e8 un paradiso per<\/span> gli artisti, si trovano Albona e Rabac. Il centro storico medievale di Labin \u00e8 pieno di atelier d&#8217;arte, in cui vi sentirete la sensazione unica di essere in arte. Qui <span class=\"\">si pu\u00f2 guardare<\/span> non solo a opere d&#8217;arte, ma li sperimentare, vivere in una ..<\/span><\/p>\n<h2><img decoding=\"async\" loading=\"lazy\" class=\"alignleft wp-image-176 size-medium\" src=\"http:\/\/zadnja.net23.net\/wp-content\/uploads\/2016\/06\/umag-300x130.jpg\" sizes=\"(max-width: 300px) 100vw, 300px\" srcset=\"http:\/\/zadnja.net23.net\/wp-content\/uploads\/2016\/06\/umag-300x130.jpg 300w, http:\/\/zadnja.net23.net\/wp-content\/uploads\/2016\/06\/umag-150x65.jpg 150w, http:\/\/zadnja.net23.net\/wp-content\/uploads\/2016\/06\/umag.jpg 645w\" alt=\"umag\" width=\"300\" height=\"130\" \/><span id=\"result_box\" class=\"short_text\" lang=\"it\">L&#8217;aeroporto di Pola &#8211; <span class=\"\">Umago<\/span><\/span><\/h2>\n<p style=\"text-align: justify;\"><span id=\"result_box\" class=\"\" lang=\"it\"><span class=\"\">Umago,<\/span> Buie e Cittanova formano la porta dell &#8216;Istria, uno specchio per la terra magica chiamata Istria. Vi offriamo una cinquantina di chilometri di belle spiagge, un entroterra con terrazza carsica vedrete e sentire l&#8217;odore del mare.<\/span><\/p>\n<p>&nbsp;<\/p>\n<h2><img decoding=\"async\" loading=\"lazy\" class=\"alignleft wp-image-178 size-medium\" src=\"http:\/\/zadnja.net23.net\/wp-content\/uploads\/2016\/06\/zagreb-300x187.jpg\" sizes=\"(max-width: 300px) 100vw, 300px\" srcset=\"http:\/\/zadnja.net23.net\/wp-content\/uploads\/2016\/06\/zagreb-300x187.jpg 300w, http:\/\/zadnja.net23.net\/wp-content\/uploads\/2016\/06\/zagreb-768x480.jpg 768w, http:\/\/zadnja.net23.net\/wp-content\/uploads\/2016\/06\/zagreb-150x94.jpg 150w, http:\/\/zadnja.net23.net\/wp-content\/uploads\/2016\/06\/zagreb.jpg 930w\" alt=\"Zagreb Croatia\" width=\"300\" height=\"187\" \/><span id=\"result_box\" class=\"short_text\" lang=\"it\">Aeroporto Pula &#8211; <span class=\"\">Zagabria<\/span><\/span><\/h2>\n<p style=\"text-align: justify;\"><span id=\"result_box\" class=\"\" lang=\"it\"><span class=\"\">Zagabria \u00e8 la capitale<\/span> della Croazia, e la pi\u00f9 grande citt\u00e0 della Croazia <span class=\"\">per numero di abitanti<\/span>. Storicamente, Zagabria \u00e8 cresciuto da due villaggi sulle colline vicine, <span class=\"\">Gradec e<\/span> Kaptol, che costituiscono il nucleo di Zagabria di oggi, il suo centro storico. Zagabria \u00e8 un amministrativo, economico, culturale e centro scientifico croato. Location e la cultura \u00e8 una delle citt\u00e0 dell&#8217;Europa centrale. Zagabria \u00e8 una, territoriale, <span class=\"\">unit\u00e0 amministrativa<\/span> e di autogoverno unico speciale con lo stato della contea.<\/span><\/p>\n<h2 class=\"indent-bot4\"><span class=\"\" lang=\"it\"><span class=\"\">I benefici di<\/span> prenotazione anticipata del servizio di trasferimento dall&#8217;aeroporto<\/span><\/h2>\n<div id=\"gt-res-content\" class=\"almost_half_cell\">\n<ul>\n<li dir=\"ltr\"><span id=\"result_box\" class=\"\" lang=\"it\"><span class=\"\">l&#8217;autista<\/span> vi attender\u00e0 con un cartello con il tuo nome<\/span><\/li>\n<li dir=\"ltr\"><span id=\"result_box\" class=\"\" lang=\"it\">\u00a0prenotazioni precedenti saranno una garanzia che il veicolo sar\u00e0 riservato per voi<\/span><\/li>\n<li dir=\"ltr\"><span id=\"result_box\" class=\"\" lang=\"it\">seguiremo eventuali variazioni degli arretrati di accogliervi al momento giusto del vostro arrivo<\/span><\/li>\n<li dir=\"ltr\"><span id=\"result_box\" class=\"\" lang=\"it\">\u00a0 non c&#8217;\u00e8 bisogno di stare in fila per un taxi o trasportare i bagagli in aeroporto alla ricerca di mezzi di trasporto<\/span><\/li>\n<li dir=\"ltr\"><span id=\"result_box\" class=\"\" lang=\"it\">prezzo di trasferimento fissa (inferiore rispetto al solito)<\/span><\/li>\n<\/ul>\n<\/div>\n<\/div>\n<\/div>\n<div class=\"navigation\"><\/div>\n<div class=\"clear\"><\/div>\n<\/div>\n<div class=\"clear\"><\/div>\n<\/div>\n<div class=\"clear\"><\/div>\n<div id=\"footer\"><\/div>\n<p><\/p>","protected":false},"excerpt":{"rendered":"<p>Trasporto dall&#8217;aeroporto alla destinazione desiderata Facciamo tutti i tipi di trasporto dall&#8217;aeroporto all&#8217;aeroporto come negli Stati Uniti, e in Europa<\/p>\n","protected":false},"author":1,"featured_media":0,"parent":0,"menu_order":0,"comment_status":"closed","ping_status":"closed","template":"","meta":[],"_links":{"self":[{"href":"http:\/\/www.taxipula.com\/it\/wp-json\/wp\/v2\/pages\/19"}],"collection":[{"href":"http:\/\/www.taxipula.com\/it\/wp-json\/wp\/v2\/pages"}],"about":[{"href":"http:\/\/www.taxipula.com\/it\/wp-json\/wp\/v2\/types\/page"}],"author":[{"embeddable":true,"href":"http:\/\/www.taxipula.com\/it\/wp-json\/wp\/v2\/users\/1"}],"replies":[{"embeddable":true,"href":"http:\/\/www.taxipula.com\/it\/wp-json\/wp\/v2\/comments?post=19"}],"version-history":[{"count":14,"href":"http:\/\/www.taxipula.com\/it\/wp-json\/wp\/v2\/pages\/19\/revisions"}],"predecessor-version":[{"id":420,"href":"http:\/\/www.taxipula.com\/it\/wp-json\/wp\/v2\/pages\/19\/revisions\/420"}],"wp:attachment":[{"href":"http:\/\/www.taxipula.com\/it\/wp-json\/wp\/v2\/media?parent=19"}],"curies":[{"name":"wp","href":"https:\/\/api.w.org\/{rel}","templated":true}]}}