{"id":21,"date":"2016-06-25T17:50:20","date_gmt":"2016-06-25T17:50:20","guid":{"rendered":"http:\/\/www.taxipula.com\/?page_id=21"},"modified":"2016-07-16T16:50:04","modified_gmt":"2016-07-16T16:50:04","slug":"izleti","status":"publish","type":"page","link":"http:\/\/www.taxipula.com\/hr\/izleti\/","title":{"rendered":"Izleti"},"content":{"rendered":"<p><\/p>\n<div class=\"container\">\n<div id=\"blog\" class=\"blog\">\n<div class=\"single-post\">\n<div class=\"entry\">\n<p class=\"\" style=\"text-align: justify;\">Taxi EDI Vam pru\u017ea izlete koji mogu biti organizirani za malu ili veliku grupu ljudi uklju\u010duju\u0107i u obzir njihove hobije i interese. To zna\u010di da smo u mogu\u0107nosti potpuno prilagoditi mjesto Va\u0161eg interesa, du\u017einu izleta ili datum. Ovakav tip izleta je organiziran kako bi zadovoljio sva o\u010dekivanja osoba koji \u017eele posjetiti na\u0161u lijepu obalu, planine\u00a0 ili povijesna mjesta.<\/p>\n<h2 class=\"prev-indent-bot\">\u00a0N.P. Plitvice<\/h2>\n<div class=\"huge_it_slideshow_image_wrap_4\">\u00a0<div id=\"metaslider-id-84\" style=\"max-width: 700px;\" class=\"ml-slider-3-33-0 metaslider metaslider-flex metaslider-84 ml-slider ms-theme-default\" role=\"region\" aria-roledescription=\"Slideshow\" aria-label=\"Slideshow\">\n    <div id=\"metaslider_container_84\">\n        <div id=\"metaslider_84\">\n            <ul aria-live=\"polite\" class=\"slides\">\n                <li style=\"display: block; width: 100%;\" class=\"slide-85 ms-image\" aria-roledescription=\"slide\" aria-label=\"slide-85\"><img src=\"http:\/\/www.taxipula.com\/wp-content\/uploads\/2016\/06\/plitvice-700x300.jpg\" height=\"300\" width=\"700\" alt=\"\" class=\"slider-84 slide-85\" \/><\/li>\n                <li style=\"display: none; width: 100%;\" class=\"slide-86 ms-image\" aria-roledescription=\"slide\" aria-label=\"slide-86\"><img src=\"http:\/\/www.taxipula.com\/wp-content\/uploads\/2016\/06\/plitvice1-700x300.jpg\" height=\"300\" width=\"700\" alt=\"\" class=\"slider-84 slide-86\" \/><\/li>\n                <li style=\"display: none; width: 100%;\" class=\"slide-87 ms-image\" aria-roledescription=\"slide\" aria-label=\"slide-87\"><img src=\"http:\/\/www.taxipula.com\/wp-content\/uploads\/2016\/06\/plitvice2-700x300.jpg\" height=\"300\" width=\"700\" alt=\"\" class=\"slider-84 slide-87\" \/><\/li>\n                <li style=\"display: none; width: 100%;\" class=\"slide-88 ms-image\" aria-roledescription=\"slide\" aria-label=\"slide-88\"><img src=\"http:\/\/www.taxipula.com\/wp-content\/uploads\/2016\/06\/plitvice3-700x300.jpg\" height=\"300\" width=\"700\" alt=\"\" class=\"slider-84 slide-88\" \/><\/li>\n                <li style=\"display: none; width: 100%;\" class=\"slide-89 ms-image\" aria-roledescription=\"slide\" aria-label=\"slide-89\"><img src=\"http:\/\/www.taxipula.com\/wp-content\/uploads\/2016\/06\/plitvice4-700x300.jpg\" height=\"300\" width=\"700\" alt=\"\" class=\"slider-84 slide-89\" \/><\/li>\n                <li style=\"display: none; width: 100%;\" class=\"slide-90 ms-image\" aria-roledescription=\"slide\" aria-label=\"slide-90\"><img src=\"http:\/\/www.taxipula.com\/wp-content\/uploads\/2016\/06\/plitvice5-700x300.jpg\" height=\"300\" width=\"700\" alt=\"\" class=\"slider-84 slide-90\" \/><\/li>\n                <li style=\"display: none; width: 100%;\" class=\"slide-91 ms-image\" aria-roledescription=\"slide\" aria-label=\"slide-91\"><img src=\"http:\/\/www.taxipula.com\/wp-content\/uploads\/2016\/06\/plitvice6-700x300.jpg\" height=\"300\" width=\"700\" alt=\"\" class=\"slider-84 slide-91\" \/><\/li>\n                <li style=\"display: none; width: 100%;\" class=\"slide-92 ms-image\" aria-roledescription=\"slide\" aria-label=\"slide-92\"><img src=\"http:\/\/www.taxipula.com\/wp-content\/uploads\/2016\/06\/plitvice7-700x300.jpg\" height=\"300\" width=\"700\" alt=\"\" class=\"slider-84 slide-92\" \/><\/li>\n                <li style=\"display: none; width: 100%;\" class=\"slide-93 ms-image\" aria-roledescription=\"slide\" aria-label=\"slide-93\"><img src=\"http:\/\/www.taxipula.com\/wp-content\/uploads\/2016\/06\/plitvice8-700x300.jpg\" height=\"300\" width=\"700\" alt=\"\" class=\"slider-84 slide-93\" \/><\/li>\n            <\/ul>\n        <\/div>\n        \n    <\/div>\n<\/div><\/div>\n<figure class=\"img-indent-r prev-indent-bot \"><\/figure>\n<figure class=\"img-indent-r prev-indent-bot \"><\/figure>\n<p class=\"\" style=\"text-align: justify;\">Nacionalni park Plitvice jedan je od najljep\u0161ih nacionalnih parkova u Hrvatskoj, a zasigurno najpoznatiji. Njegovu iznimnu vrijednost prepoznao je cijeli svijet i stavio Plitvi\u010dka jezera na UNESCO-vu listu svjetske prirodne ba\u0161tine. Mno\u0161tvo rje\u010dica, slapova i jezera pru\u017eaju svakom posjetitelju do\u017eivljaj prave sange prirode. Milijuni posjetitelja koji su dosad posjetili Plitvice s pravom se uvijek vra\u0107aju jer ovakav sklad prirode i osje\u0107aj boravka u njima je neponovljiva i rijetka pojava u svijetu.<\/p>\n<p class=\"\" style=\"text-align: justify;\">Park obuhva\u0107a izvori\u0161ni dio rijeke Korane u prostoru okru\u017eenom gustim \u0161umama bukve, jele i smreke.Osim jezera i \u0161uma, Park krasi i vi\u0161e spilja, izvora, cvjetnih livada, a me\u0111u mnogim rijetkim o\u010duvanim \u017eivotinjskim vrstama isti\u010de se sme\u0111i medvjed.<\/p>\n<p class=\"\" style=\"text-align: justify;\">Mogu\u0107e aktivnosti u parku: pje\u0161a\u010denje, planinarenje, vo\u017enja elektri\u010dnim brodom i vlakom, fotografiranje, vo\u017enja biciklom, skijanje, veslanje\u2026<\/p>\n<div class=\"post-inner\">\n<h2>Izlet kroz Istru<\/h2>\n<div class=\"huge_it_slideshow_image_wrap_2\">\u00a0<div id=\"metaslider-id-103\" style=\"max-width: 700px;\" class=\"ml-slider-3-33-0 metaslider metaslider-flex metaslider-103 ml-slider ms-theme-default\" role=\"region\" aria-roledescription=\"Slideshow\" aria-label=\"Slideshow\">\n    <div id=\"metaslider_container_103\">\n        <div id=\"metaslider_103\">\n            <ul aria-live=\"polite\" class=\"slides\">\n                <li style=\"display: block; width: 100%;\" class=\"slide-101 ms-image\" aria-roledescription=\"slide\" aria-label=\"slide-101\"><img src=\"http:\/\/www.taxipula.com\/wp-content\/uploads\/2016\/06\/istra6-700x300.jpg\" height=\"300\" width=\"700\" alt=\"\" class=\"slider-103 slide-101\" \/><\/li>\n                <li style=\"display: none; width: 100%;\" class=\"slide-100 ms-image\" aria-roledescription=\"slide\" aria-label=\"slide-100\"><img src=\"http:\/\/www.taxipula.com\/wp-content\/uploads\/2016\/06\/istra5-700x300.jpg\" height=\"300\" width=\"700\" alt=\"\" class=\"slider-103 slide-100\" \/><\/li>\n                <li style=\"display: none; width: 100%;\" class=\"slide-99 ms-image\" aria-roledescription=\"slide\" aria-label=\"slide-99\"><img src=\"http:\/\/www.taxipula.com\/wp-content\/uploads\/2016\/06\/istra4-700x300.jpg\" height=\"300\" width=\"700\" alt=\"\" class=\"slider-103 slide-99\" \/><\/li>\n                <li style=\"display: none; width: 100%;\" class=\"slide-98 ms-image\" aria-roledescription=\"slide\" aria-label=\"slide-98\"><img src=\"http:\/\/www.taxipula.com\/wp-content\/uploads\/2016\/06\/istra3-700x300.jpg\" height=\"300\" width=\"700\" alt=\"\" class=\"slider-103 slide-98\" \/><\/li>\n                <li style=\"display: none; width: 100%;\" class=\"slide-97 ms-image\" aria-roledescription=\"slide\" aria-label=\"slide-97\"><img src=\"http:\/\/www.taxipula.com\/wp-content\/uploads\/2016\/06\/istra2-700x300.jpg\" height=\"300\" width=\"700\" alt=\"\" class=\"slider-103 slide-97\" \/><\/li>\n                <li style=\"display: none; width: 100%;\" class=\"slide-96 ms-image\" aria-roledescription=\"slide\" aria-label=\"slide-96\"><img src=\"http:\/\/www.taxipula.com\/wp-content\/uploads\/2016\/06\/istra1-700x300.jpg\" height=\"300\" width=\"700\" alt=\"\" class=\"slider-103 slide-96\" \/><\/li>\n            <\/ul>\n        <\/div>\n        \n    <\/div>\n<\/div><\/div>\n<p>LIMSKI KANAL \/ MOTOVUN \/ GRO\u017dNJAN \/ HUM \/ PAZIN \/ DVIGRAD<\/p>\n<p style=\"text-align: justify;\">Vrlo interesantna mjesta mo\u017eete posjetiti kao npr limski kanal, izgledom poput norve\u0161kih fjordova sa reprezentativnom ponudom ribljih specijaliteta, zatim Pazin, stari grad sa poznatom jamom, pa Hum, najmanji grad na svijetu, Gro\u017enjan, \u017eivopisno mjesto sa umjetni\u010dkom du\u0161om i dobrim vinima, Motovun- stari grad utvrda sa predivnim malim ulicama i bogatom trpezom, Dvigrad- zaboravljeni historijski grad blizu mjesta Kanfanar..<\/p>\n<h2 class=\"post-desciption\"><strong>Jama Baredine<br \/>\n<\/strong><\/h2>\n<p class=\"post-desciption\"><div id=\"metaslider-id-106\" style=\"max-width: 700px;\" class=\"ml-slider-3-33-0 metaslider metaslider-flex metaslider-106 ml-slider ms-theme-default\" role=\"region\" aria-roledescription=\"Slideshow\" aria-label=\"Slideshow\">\n    <div id=\"metaslider_container_106\">\n        <div id=\"metaslider_106\">\n            <ul aria-live=\"polite\" class=\"slides\">\n                <li style=\"display: block; width: 100%;\" class=\"slide-107 ms-image\" aria-roledescription=\"slide\" aria-label=\"slide-107\"><img src=\"http:\/\/www.taxipula.com\/wp-content\/uploads\/2016\/06\/baredine1-700x300.jpg\" height=\"300\" width=\"700\" alt=\"\" class=\"slider-106 slide-107\" \/><\/li>\n                <li style=\"display: none; width: 100%;\" class=\"slide-108 ms-image\" aria-roledescription=\"slide\" aria-label=\"slide-108\"><img src=\"http:\/\/www.taxipula.com\/wp-content\/uploads\/2016\/06\/baredine2-700x300.jpg\" height=\"300\" width=\"700\" alt=\"\" class=\"slider-106 slide-108\" \/><\/li>\n            <\/ul>\n        <\/div>\n        \n    <\/div>\n<\/div><\/p>\n<p class=\"post-desciption\" style=\"text-align: justify;\">Po\u010detkom devedestih godina po\u010dinju konkretni radovi na njezinu ure\u0111enju, a od svibnja 1995. godine otvorena je za turisti\u010dke posjete. U narednih nekoliko godina ure\u0111ena je infrastruktura \u010dime su stvoreni uvjeti za kvalitetniji boravak posjetitelja u jami i oko nje.<\/p>\n<p class=\"post-desciption\" style=\"text-align: justify;\">Od prvih istra\u017eivanja 1973. godine pa sve do dana\u0161njih dana jama se dodatno istra\u017eivala s ciljem pronalaska novih prostora te je prikupljena povr\u0161inska keramika u zemljanim sedimentima \u0161to svjedo\u010di o davnu ulasku i boravku \u010dovjeka u istoimenoj jami, a time je ujedno istra\u017eivana i podzemna fauna.<\/p>\n<p class=\"post-desciption\" style=\"text-align: justify;\">Jama Baredine je prvi speleolo\u0161ki objekt ujedno i geomorfolo\u0161ki spomenik prirode u Istri valoriziran za posjetu turista.<\/p>\n<div class=\"post-inner\">\n<h2 class=\"post-title\">Postojnska jama<\/h2>\n<div id=\"metaslider-id-111\" style=\"max-width: 700px;\" class=\"ml-slider-3-33-0 metaslider metaslider-flex metaslider-111 ml-slider ms-theme-default\" role=\"region\" aria-roledescription=\"Slideshow\" aria-label=\"Slideshow\">\n    <div id=\"metaslider_container_111\">\n        <div id=\"metaslider_111\">\n            <ul aria-live=\"polite\" class=\"slides\">\n                <li style=\"display: block; width: 100%;\" class=\"slide-112 ms-image\" aria-roledescription=\"slide\" aria-label=\"slide-112\"><img src=\"http:\/\/www.taxipula.com\/wp-content\/uploads\/2016\/06\/postojna1-700x300.jpg\" height=\"300\" width=\"700\" alt=\"\" class=\"slider-111 slide-112\" \/><\/li>\n                <li style=\"display: none; width: 100%;\" class=\"slide-113 ms-image\" aria-roledescription=\"slide\" aria-label=\"slide-113\"><img src=\"http:\/\/www.taxipula.com\/wp-content\/uploads\/2016\/06\/postojna2-700x300.jpg\" height=\"300\" width=\"700\" alt=\"\" class=\"slider-111 slide-113\" \/><\/li>\n                <li style=\"display: none; width: 100%;\" class=\"slide-114 ms-image\" aria-roledescription=\"slide\" aria-label=\"slide-114\"><img src=\"http:\/\/www.taxipula.com\/wp-content\/uploads\/2016\/06\/postojna3-700x300.jpg\" height=\"300\" width=\"700\" alt=\"\" class=\"slider-111 slide-114\" \/><\/li>\n                <li style=\"display: none; width: 100%;\" class=\"slide-115 ms-image\" aria-roledescription=\"slide\" aria-label=\"slide-115\"><img src=\"http:\/\/www.taxipula.com\/wp-content\/uploads\/2016\/06\/postojna4-700x300.jpg\" height=\"300\" width=\"700\" alt=\"\" class=\"slider-111 slide-115\" \/><\/li>\n                <li style=\"display: none; width: 100%;\" class=\"slide-116 ms-image\" aria-roledescription=\"slide\" aria-label=\"slide-116\"><img src=\"http:\/\/www.taxipula.com\/wp-content\/uploads\/2016\/06\/postojna5-700x300.jpg\" height=\"300\" width=\"700\" alt=\"\" class=\"slider-111 slide-116\" \/><\/li>\n            <\/ul>\n        <\/div>\n        \n    <\/div>\n<\/div>\n<p class=\"post-desciption\" style=\"text-align: justify;\">Fantasti\u010dna isprepletenost rovova, galerija i dvorana, \u0161arolikost kr\u0161kih fenomena koja oduzima dah te njezina pristupa\u010dnost osnovni su razlozi iznimne omiljenosti i posje\u0107enosti Postojnske jame koja je u 200 godina ugostila ve\u0107 35 milijuna posjetitelja.<\/p>\n<p class=\"post-desciption\" style=\"text-align: justify;\">Postojnska je jama bez dvojbe najpoznatija turisti\u010dka \u0161pilja u svijetu. Najve\u0107a je turisti\u010dka znamenitost Slovenije i jedan od najve\u0107ih kr\u0161kih spomenika u svijetu. O Postojnskoj jami napisano je puno knjiga i priloga; tijekom 200 godina nastalo je vi\u0161e od 100 turisti\u010dkih vodi\u010da.<\/p>\n<\/div>\n<\/div>\n<\/div>\n<\/div>\n<div class=\"navigation\"><\/div>\n<div class=\"clear\"><\/div>\n<\/div>\n<div class=\"clear\"><\/div>\n<\/div>\n<div class=\"clear\"><\/div>\n<div id=\"footer\"><\/div>\n<p><\/p>","protected":false},"excerpt":{"rendered":"<p>Taxi EDI Vam pru\u017ea izlete koji mogu biti organizirani za malu ili veliku grupu ljudi uklju\u010duju\u0107i u obzir njihove hobije<\/p>\n","protected":false},"author":1,"featured_media":0,"parent":0,"menu_order":0,"comment_status":"closed","ping_status":"closed","template":"","meta":[],"_links":{"self":[{"href":"http:\/\/www.taxipula.com\/hr\/wp-json\/wp\/v2\/pages\/21"}],"collection":[{"href":"http:\/\/www.taxipula.com\/hr\/wp-json\/wp\/v2\/pages"}],"about":[{"href":"http:\/\/www.taxipula.com\/hr\/wp-json\/wp\/v2\/types\/page"}],"author":[{"embeddable":true,"href":"http:\/\/www.taxipula.com\/hr\/wp-json\/wp\/v2\/users\/1"}],"replies":[{"embeddable":true,"href":"http:\/\/www.taxipula.com\/hr\/wp-json\/wp\/v2\/comments?post=21"}],"version-history":[{"count":35,"href":"http:\/\/www.taxipula.com\/hr\/wp-json\/wp\/v2\/pages\/21\/revisions"}],"predecessor-version":[{"id":340,"href":"http:\/\/www.taxipula.com\/hr\/wp-json\/wp\/v2\/pages\/21\/revisions\/340"}],"wp:attachment":[{"href":"http:\/\/www.taxipula.com\/hr\/wp-json\/wp\/v2\/media?parent=21"}],"curies":[{"name":"wp","href":"https:\/\/api.w.org\/{rel}","templated":true}]}}