{"id":2,"date":"2016-06-25T14:54:29","date_gmt":"2016-06-25T14:54:29","guid":{"rendered":"http:\/\/www.taxipula.com\/?page_id=2"},"modified":"2023-03-17T20:14:51","modified_gmt":"2023-03-17T20:14:51","slug":"home","status":"publish","type":"page","link":"http:\/\/www.taxipula.com\/hr\/","title":{"rendered":"Po\u010detna"},"content":{"rendered":"<p><\/p>\n<h2 class=\"text-bigger\">Dobrodo\u0161li!<\/h2>\n<p style=\"text-align: justify;\">Taxi EDY Pula tvrtka je sa sjedi\u0161tem u <a href=\"http:\/\/www.pulainfo.hr\/en\/\">Puli <\/a>koja za vas radi 24 sata na dan kako bi vam pru\u017eila uslugu koja je brza, udobna i sigurna. Vozimo po Istri, no u mogu\u0107nosti smo na zahtjev voziti Vas i po ostalom dijelu Hrvatske kao tako\u0111er i inozemstvu.<\/p>\n<p class=\"p1\" style=\"text-align: justify;\">U mogu\u0107nosti smo organizirati prijevoz velikih grupa s ponudom vozila od 4, 6 ili 8 sjedala. Na raspolaganju imamo razli\u010dite tipove udobnih vozila i iskusne voza\u010de koji su na Va\u0161oj usluzi.Na\u0161a sva vozila su opremljena GPS navigacijom, te TV i klima ure\u0111ajem. Za stalne klijente odobravamo posebni popust.<\/p>\n<p class=\"p1\" style=\"text-align: justify;\">Nazovite nas ili nam recite svoje \u017eelje putem emaila. Hvala Vam na kori\u0161tenju Taxi EDY usluga.<\/p>\n<p>&nbsp;<\/p>\n<p class=\"text-bigger\"><strong>\u00a0<\/strong><\/p>\n<p><\/p>","protected":false},"excerpt":{"rendered":"<p>Dobrodo\u0161li! Taxi EDY Pula tvrtka je sa sjedi\u0161tem u Puli koja za vas radi 24 sata na dan kako bi<\/p>\n","protected":false},"author":1,"featured_media":0,"parent":0,"menu_order":0,"comment_status":"closed","ping_status":"open","template":"","meta":[],"_links":{"self":[{"href":"http:\/\/www.taxipula.com\/hr\/wp-json\/wp\/v2\/pages\/2"}],"collection":[{"href":"http:\/\/www.taxipula.com\/hr\/wp-json\/wp\/v2\/pages"}],"about":[{"href":"http:\/\/www.taxipula.com\/hr\/wp-json\/wp\/v2\/types\/page"}],"author":[{"embeddable":true,"href":"http:\/\/www.taxipula.com\/hr\/wp-json\/wp\/v2\/users\/1"}],"replies":[{"embeddable":true,"href":"http:\/\/www.taxipula.com\/hr\/wp-json\/wp\/v2\/comments?post=2"}],"version-history":[{"count":20,"href":"http:\/\/www.taxipula.com\/hr\/wp-json\/wp\/v2\/pages\/2\/revisions"}],"predecessor-version":[{"id":339,"href":"http:\/\/www.taxipula.com\/hr\/wp-json\/wp\/v2\/pages\/2\/revisions\/339"}],"wp:attachment":[{"href":"http:\/\/www.taxipula.com\/hr\/wp-json\/wp\/v2\/media?parent=2"}],"curies":[{"name":"wp","href":"https:\/\/api.w.org\/{rel}","templated":true}]}}