{"id":19,"date":"2016-06-25T17:50:05","date_gmt":"2016-06-25T17:50:05","guid":{"rendered":"http:\/\/www.taxipula.com\/?page_id=19"},"modified":"2023-03-19T19:08:50","modified_gmt":"2023-03-19T19:08:50","slug":"transferi","status":"publish","type":"page","link":"http:\/\/www.taxipula.com\/hr\/transferi\/","title":{"rendered":"Transfer"},"content":{"rendered":"<p><\/p>\n<div class=\"container\">\n<div id=\"blog\" class=\"blog\">\n<div class=\"single-post\">\n<div class=\"entry\">\n<h2>Prijevoz od aerodroma do Va\u0161e \u017eeljene destinacije<\/h2>\n<p style=\"text-align: justify;\">Radimo sve vrste prijevoza od aerodroma do aerodroma kako u nas,tako i u Europi(vozimo od zra\u010dne luke do bilo koje druge destinacije).<\/p>\n<p class=\"\" style=\"text-align: justify;\">Nudimo vam transfere od\/do zra\u010dne luke, autobusne stanice, apartmana i hotela bilo gdje u Hrvatskoj ili inozemstvu.<\/p>\n<h2><img decoding=\"async\" loading=\"lazy\" class=\"alignleft wp-image-170 size-medium\" src=\"http:\/\/zadnja.net23.net\/wp-content\/uploads\/2016\/06\/airport-1pula-300x95.jpg\" sizes=\"(max-width: 300px) 100vw, 300px\" srcset=\"http:\/\/zadnja.net23.net\/wp-content\/uploads\/2016\/06\/airport-1pula-300x95.jpg 300w, http:\/\/zadnja.net23.net\/wp-content\/uploads\/2016\/06\/airport-1pula-768x243.jpg 768w, http:\/\/zadnja.net23.net\/wp-content\/uploads\/2016\/06\/airport-1pula-150x47.jpg 150w, http:\/\/zadnja.net23.net\/wp-content\/uploads\/2016\/06\/airport-1pula.jpg 845w\" alt=\"airport 1pula\" width=\"300\" height=\"95\" \/>Transferi sa zra\u010dne luke Pula<\/h2>\n<h3><\/h3>\n<p>&nbsp;<\/p>\n<h2><img decoding=\"async\" loading=\"lazy\" class=\"alignleft wp-image-171 size-medium\" src=\"http:\/\/zadnja.net23.net\/wp-content\/uploads\/2016\/06\/porec-300x168.jpg\" sizes=\"(max-width: 300px) 100vw, 300px\" srcset=\"http:\/\/zadnja.net23.net\/wp-content\/uploads\/2016\/06\/porec-300x168.jpg 300w, http:\/\/zadnja.net23.net\/wp-content\/uploads\/2016\/06\/porec-150x84.jpg 150w, http:\/\/zadnja.net23.net\/wp-content\/uploads\/2016\/06\/porec.jpg 700w\" alt=\"porec\" width=\"300\" height=\"168\" \/>Zra\u010dna Luka Pula \u2013 Pore\u010d<\/h2>\n<p style=\"text-align: justify;\">Tra\u017eite li aktivnost, nesvakida\u0161nje do\u017eivljaje i bogato kulturno naslje\u0111e, dolazak u Pore\u010d i okolicu pravi je odabir jer Pore\u010dani imaju gotovo stoljetno iskustvo u gostoprimstvu i vrhunskoj turisti\u010dkoj ponudi. Ne\u0107e vam nedostajati ni zabave koje u turisti\u010dkim naseljima i u samome gradu ima gotovo na svakom koraku; beach clubovi i caffe barovi, a iza pono\u0107i ugodni ambijenti no\u0107nih barova i diskoteka. Jednostavno \u2013 zabava od zalaska do izlaska sunca!<\/p>\n<p>&nbsp;<\/p>\n<h2><img decoding=\"async\" loading=\"lazy\" class=\"alignleft wp-image-172 size-medium\" src=\"http:\/\/zadnja.net23.net\/wp-content\/uploads\/2016\/06\/rovinj-300x200.jpg\" sizes=\"(max-width: 300px) 100vw, 300px\" srcset=\"http:\/\/zadnja.net23.net\/wp-content\/uploads\/2016\/06\/rovinj-300x200.jpg 300w, http:\/\/zadnja.net23.net\/wp-content\/uploads\/2016\/06\/rovinj-768x511.jpg 768w, http:\/\/zadnja.net23.net\/wp-content\/uploads\/2016\/06\/rovinj-150x100.jpg 150w, http:\/\/zadnja.net23.net\/wp-content\/uploads\/2016\/06\/rovinj.jpg 869w\" alt=\"rovinj\" width=\"300\" height=\"200\" \/>Zra\u010dna Luka Pula \u2013 Rovinj<\/h2>\n<p style=\"text-align: justify;\">Na predivnoj zapadnoj obali Istre, tik ispod Limskog kanala nalazi se najromanti\u010dnije mjesto na Mediteranu! Grad Rovinj pravo je odredi\u0161te svih vas koji \u017eudite za sentimentalnom atmosferom vremena koja su nepovratno pro\u0161la. Na Mediteranu je mo\u017eete na\u0107i jo\u0161 samo ovdje, u gradu koji je svoj romanti\u010dni \u017eivot zapo\u010deo na otoku \u010diji je sku\u010deni prostor uvjetovao gradnju zbijenih ku\u0107a, uskih ulica i malenih trgova, jo\u0161 i danas nedirnutih modernim urbanizmom.<\/p>\n<p>&nbsp;<\/p>\n<h2><img decoding=\"async\" loading=\"lazy\" class=\"alignleft wp-image-173 size-medium\" src=\"http:\/\/zadnja.net23.net\/wp-content\/uploads\/2016\/06\/rabac-300x107.jpg\" sizes=\"(max-width: 300px) 100vw, 300px\" srcset=\"http:\/\/zadnja.net23.net\/wp-content\/uploads\/2016\/06\/rabac-300x107.jpg 300w, http:\/\/zadnja.net23.net\/wp-content\/uploads\/2016\/06\/rabac-768x274.jpg 768w, http:\/\/zadnja.net23.net\/wp-content\/uploads\/2016\/06\/rabac-1030x368.jpg 1030w, http:\/\/zadnja.net23.net\/wp-content\/uploads\/2016\/06\/rabac-150x54.jpg 150w, http:\/\/zadnja.net23.net\/wp-content\/uploads\/2016\/06\/rabac.jpg 1120w\" alt=\"rabac\" width=\"300\" height=\"107\" \/>Zra\u010dna Luka Pula \u2013 Rabac<\/h2>\n<p style=\"text-align: justify;\">Tamo gdje se zeleni bre\u017euljci na istoku sastaju s morem i stapaju se priroda i ba\u0161tina, tamo je raj za umjetnike, tamo su Labin i Rabac. Stari srednjovjekovni grad Labin prepun je brojnih umjetni\u010dkih atelijera u kojima \u0107ete osjetiti jedinstven osje\u0107aj bivanja u umjetnosti. Ovdje ne gledate samo umjetnine, ve\u0107 ih do\u017eivljavate, \u017eivite\u2026<\/p>\n<h2><img decoding=\"async\" loading=\"lazy\" class=\"alignleft wp-image-176 size-medium\" src=\"http:\/\/zadnja.net23.net\/wp-content\/uploads\/2016\/06\/umag-300x130.jpg\" sizes=\"(max-width: 300px) 100vw, 300px\" srcset=\"http:\/\/zadnja.net23.net\/wp-content\/uploads\/2016\/06\/umag-300x130.jpg 300w, http:\/\/zadnja.net23.net\/wp-content\/uploads\/2016\/06\/umag-150x65.jpg 150w, http:\/\/zadnja.net23.net\/wp-content\/uploads\/2016\/06\/umag.jpg 645w\" alt=\"umag\" width=\"300\" height=\"130\" \/>Zra\u010dna Luka Pula \u2013 Umag<\/h2>\n<p style=\"text-align: justify;\">Umag, Buje i Novigrad turisti\u010dka su vrata Istre, ogledalo koje vas uvodi u \u010darobnu zemlju, u Istru. Ovdje vas \u010deka pedesetak kilometara prekrasnih pla\u017ea, a u zale\u0111u s kra\u0161kih terasa vidjet \u0107ete i udisati mirise mora.<\/p>\n<p>&nbsp;<\/p>\n<h2><img decoding=\"async\" loading=\"lazy\" class=\"alignleft wp-image-178 size-medium\" src=\"http:\/\/zadnja.net23.net\/wp-content\/uploads\/2016\/06\/zagreb-300x187.jpg\" sizes=\"(max-width: 300px) 100vw, 300px\" srcset=\"http:\/\/zadnja.net23.net\/wp-content\/uploads\/2016\/06\/zagreb-300x187.jpg 300w, http:\/\/zadnja.net23.net\/wp-content\/uploads\/2016\/06\/zagreb-768x480.jpg 768w, http:\/\/zadnja.net23.net\/wp-content\/uploads\/2016\/06\/zagreb-150x94.jpg 150w, http:\/\/zadnja.net23.net\/wp-content\/uploads\/2016\/06\/zagreb.jpg 930w\" alt=\"Zagreb Croatia\" width=\"300\" height=\"187\" \/>Zra\u010dna Luka Pula \u2013 Zagreb<\/h2>\n<p style=\"text-align: justify;\">Zagreb je glavni grad Republike \u00a0Hrvatske, i najve\u0107i grad u Hrvatskoj po broju stanovnika. Povijesno gledano, Zagreb je izrastao iz dva naselja na susjednim brdima, Gradeca i Kaptola, koji \u010dine jezgru dana\u0161njeg Zagreba, njegovo povijesno sredi\u0161te. Zagreb danas predstavlja upravno, gospodarsko, kulturno, prometno i znanstveno sredi\u0161te Hrvatske. Polo\u017eajem i kulturom spada u gradove Srednje Europe. Grad Zagreb je posebna jedinstvena, teritorijalna, upravna i samoupravna jedinica koja ima polo\u017eaj \u017eupanije.<\/p>\n<h2 class=\"indent-bot4\">Prednosti ranijeg bukiranja transfera sa zra\u010dne luke<\/h2>\n<ul id=\"home\" class=\"list-1 p2 indent\">\n<li>voza\u010d \u0107e Vas \u010dekati sa natpisom s Va\u0161im imenom<\/li>\n<li>ranija rezervacija bit \u0107e jamstvo da \u0107e vozilo biti rezervirano za Vas<\/li>\n<li>pratit \u0107emo sve promjene u ka\u0161njenju kako bi Vas do\u010dekali u pravo vrijeme Va\u0161eg dolaska<\/li>\n<li>ne morate stajati u redu za taxi ili vu\u0107i svoju prtljagu po zra\u010dnoj luci tra\u017ee\u0107i prijevoz<\/li>\n<li>fiksna cijena transfera (ni\u017ea od uobi\u010dajene)<\/li>\n<\/ul>\n<\/div>\n<\/div>\n<div class=\"navigation\"><\/div>\n<div class=\"clear\"><\/div>\n<\/div>\n<div class=\"clear\"><\/div>\n<\/div>\n<div class=\"clear\"><\/div>\n<div id=\"footer\"><\/div>\n<p><\/p>","protected":false},"excerpt":{"rendered":"<p>Prijevoz od aerodroma do Va\u0161e \u017eeljene destinacije Radimo sve vrste prijevoza od aerodroma do aerodroma kako u nas,tako i u<\/p>\n","protected":false},"author":1,"featured_media":0,"parent":0,"menu_order":0,"comment_status":"closed","ping_status":"closed","template":"","meta":[],"_links":{"self":[{"href":"http:\/\/www.taxipula.com\/hr\/wp-json\/wp\/v2\/pages\/19"}],"collection":[{"href":"http:\/\/www.taxipula.com\/hr\/wp-json\/wp\/v2\/pages"}],"about":[{"href":"http:\/\/www.taxipula.com\/hr\/wp-json\/wp\/v2\/types\/page"}],"author":[{"embeddable":true,"href":"http:\/\/www.taxipula.com\/hr\/wp-json\/wp\/v2\/users\/1"}],"replies":[{"embeddable":true,"href":"http:\/\/www.taxipula.com\/hr\/wp-json\/wp\/v2\/comments?post=19"}],"version-history":[{"count":14,"href":"http:\/\/www.taxipula.com\/hr\/wp-json\/wp\/v2\/pages\/19\/revisions"}],"predecessor-version":[{"id":420,"href":"http:\/\/www.taxipula.com\/hr\/wp-json\/wp\/v2\/pages\/19\/revisions\/420"}],"wp:attachment":[{"href":"http:\/\/www.taxipula.com\/hr\/wp-json\/wp\/v2\/media?parent=19"}],"curies":[{"name":"wp","href":"https:\/\/api.w.org\/{rel}","templated":true}]}}